{"id":15,"date":"2023-04-20T07:31:17","date_gmt":"2023-04-20T05:31:17","guid":{"rendered":"https:\/\/4fantastik.re\/?page_id=15"},"modified":"2023-04-21T13:56:40","modified_gmt":"2023-04-21T11:56:40","slug":"accueil","status":"publish","type":"page","link":"https:\/\/4fantastik.re\/","title":{"rendered":"Accueil"},"content":{"rendered":"\t\t<div data-elementor-type=\"wp-page\" data-elementor-id=\"15\" class=\"elementor elementor-15\">\n\t\t\t\t<div class=\"elementor-element elementor-element-6c5b475 e-con-full e-flex e-con e-parent\" data-id=\"6c5b475\" data-element_type=\"container\" data-settings=\"{&quot;background_background&quot;:&quot;gradient&quot;}\">\n\t\t\t\t<div class=\"elementor-element elementor-element-ff85cc1 elementor-widget elementor-widget-menu-anchor\" data-id=\"ff85cc1\" data-element_type=\"widget\" data-widget_type=\"menu-anchor.default\">\n\t\t\t\t<div class=\"elementor-widget-container\">\n\t\t\t\t\t<div class=\"elementor-menu-anchor\" id=\"apropos\"><\/div>\n\t\t\t\t<\/div>\n\t\t\t\t<\/div>\n\t\t<div class=\"elementor-element elementor-element-7fc9d00 e-con-full e-flex e-con e-child\" data-id=\"7fc9d00\" data-element_type=\"container\">\n\t\t\t\t<div class=\"elementor-element elementor-element-5fad423 elementor-widget elementor-widget-image\" data-id=\"5fad423\" data-element_type=\"widget\" data-widget_type=\"image.default\">\n\t\t\t\t<div class=\"elementor-widget-container\">\n\t\t\t\t\t\t\t\t\t\t\t\t\t<img fetchpriority=\"high\" decoding=\"async\" width=\"800\" height=\"813\" src=\"https:\/\/4fantastik.re\/wp-content\/uploads\/2023\/04\/Ellipse-4.png\" class=\"attachment-large size-large wp-image-100\" alt=\"\" srcset=\"https:\/\/4fantastik.re\/wp-content\/uploads\/2023\/04\/Ellipse-4.png 826w, https:\/\/4fantastik.re\/wp-content\/uploads\/2023\/04\/Ellipse-4-295x300.png 295w, https:\/\/4fantastik.re\/wp-content\/uploads\/2023\/04\/Ellipse-4-768x780.png 768w\" sizes=\"(max-width: 800px) 100vw, 800px\" \/>\t\t\t\t\t\t\t\t\t\t\t\t\t<\/div>\n\t\t\t\t<\/div>\n\t\t\t\t<div class=\"elementor-element elementor-element-ca7a59d elementor-widget elementor-widget-image\" data-id=\"ca7a59d\" data-element_type=\"widget\" data-widget_type=\"image.default\">\n\t\t\t\t<div class=\"elementor-widget-container\">\n\t\t\t\t\t\t\t\t\t\t\t\t\t<img decoding=\"async\" width=\"800\" height=\"584\" src=\"https:\/\/4fantastik.re\/wp-content\/uploads\/2023\/04\/Group-1.png\" class=\"attachment-large size-large wp-image-27\" alt=\"\" srcset=\"https:\/\/4fantastik.re\/wp-content\/uploads\/2023\/04\/Group-1.png 991w, https:\/\/4fantastik.re\/wp-content\/uploads\/2023\/04\/Group-1-300x219.png 300w, https:\/\/4fantastik.re\/wp-content\/uploads\/2023\/04\/Group-1-768x560.png 768w\" sizes=\"(max-width: 800px) 100vw, 800px\" \/>\t\t\t\t\t\t\t\t\t\t\t\t\t<\/div>\n\t\t\t\t<\/div>\n\t\t\t\t<\/div>\n\t\t<div class=\"elementor-element elementor-element-f2cb09c e-con-full e-flex e-con e-child\" data-id=\"f2cb09c\" data-element_type=\"container\">\n\t\t\t\t<div class=\"elementor-element elementor-element-e726a8e elementor-widget elementor-widget-heading\" data-id=\"e726a8e\" data-element_type=\"widget\" data-widget_type=\"heading.default\">\n\t\t\t\t<div class=\"elementor-widget-container\">\n\t\t\t<h2 class=\"elementor-heading-title elementor-size-xl\"><b>CONFIEZ-NOUS VOTRE <\/b><br><b>\u00c9V\u00c8NEMENT\n<\/b><b>POUR UNE VRAIE R\u00c9USSITE<\/b><\/h2>\t\t<\/div>\n\t\t\t\t<\/div>\n\t\t\t\t<div class=\"elementor-element elementor-element-f712214 elementor-widget elementor-widget-text-editor\" data-id=\"f712214\" data-element_type=\"widget\" data-widget_type=\"text-editor.default\">\n\t\t\t\t<div class=\"elementor-widget-container\">\n\t\t\t\t\t\t\t<p><span style=\"white-space: pre-wrap;\">Une seule mission<br \/>VOUS SATISFAIRE<\/span><\/p>\t\t\t\t\t\t<\/div>\n\t\t\t\t<\/div>\n\t\t\t\t<\/div>\n\t\t\t\t<\/div>\n\t\t<div class=\"elementor-element elementor-element-a53355a e-flex e-con-boxed e-con e-parent\" data-id=\"a53355a\" data-element_type=\"container\" data-settings=\"{&quot;background_background&quot;:&quot;classic&quot;}\">\n\t\t\t\t\t<div class=\"e-con-inner\">\n\t\t\t\t<div class=\"elementor-element elementor-element-bbfed56 elementor-align-center elementor-widget elementor-widget-button\" data-id=\"bbfed56\" data-element_type=\"widget\" data-widget_type=\"button.default\">\n\t\t\t\t<div class=\"elementor-widget-container\">\n\t\t\t\t\t\t\t<div class=\"elementor-button-wrapper\">\n\t\t\t\t\t<a class=\"elementor-button elementor-button-link elementor-size-sm\" href=\"#\">\n\t\t\t\t\t\t<span class=\"elementor-button-content-wrapper\">\n\t\t\t\t\t\t\t\t\t<span class=\"elementor-button-text\">NOUS CONNAITRE<\/span>\n\t\t\t\t\t<\/span>\n\t\t\t\t\t<\/a>\n\t\t\t\t<\/div>\n\t\t\t\t\t\t<\/div>\n\t\t\t\t<\/div>\n\t\t\t\t\t<\/div>\n\t\t\t\t<\/div>\n\t\t<div class=\"elementor-element elementor-element-1638551 e-flex e-con-boxed e-con e-parent\" data-id=\"1638551\" data-element_type=\"container\" data-settings=\"{&quot;background_background&quot;:&quot;classic&quot;}\">\n\t\t\t\t\t<div class=\"e-con-inner\">\n\t\t<div class=\"elementor-element elementor-element-c1dc736 e-con-full e-flex e-con e-child\" data-id=\"c1dc736\" data-element_type=\"container\">\n\t\t\t\t<div class=\"elementor-element elementor-element-226a0be elementor-widget elementor-widget-image\" data-id=\"226a0be\" data-element_type=\"widget\" data-widget_type=\"image.default\">\n\t\t\t\t<div class=\"elementor-widget-container\">\n\t\t\t\t\t\t\t\t\t\t\t\t\t<img decoding=\"async\" width=\"227\" height=\"158\" src=\"https:\/\/4fantastik.re\/wp-content\/uploads\/2023\/04\/Capture-decran-2023-04-20-092724.jpg\" class=\"attachment-large size-large wp-image-18\" alt=\"\" \/>\t\t\t\t\t\t\t\t\t\t\t\t\t<\/div>\n\t\t\t\t<\/div>\n\t\t\t\t<\/div>\n\t\t<div class=\"elementor-element elementor-element-4c13b93 e-con-full e-flex e-con e-child\" data-id=\"4c13b93\" data-element_type=\"container\">\n\t\t\t\t<div class=\"elementor-element elementor-element-1882f73 elementor-widget elementor-widget-image\" data-id=\"1882f73\" data-element_type=\"widget\" data-widget_type=\"image.default\">\n\t\t\t\t<div class=\"elementor-widget-container\">\n\t\t\t\t\t\t\t\t\t\t\t\t\t<img decoding=\"async\" width=\"227\" height=\"158\" src=\"https:\/\/4fantastik.re\/wp-content\/uploads\/2023\/04\/Capture-decran-2023-04-20-092724.jpg\" class=\"attachment-large size-large wp-image-18\" alt=\"\" \/>\t\t\t\t\t\t\t\t\t\t\t\t\t<\/div>\n\t\t\t\t<\/div>\n\t\t\t\t<\/div>\n\t\t<div class=\"elementor-element elementor-element-dc5490a e-con-full e-flex e-con e-child\" data-id=\"dc5490a\" data-element_type=\"container\">\n\t\t\t\t<div class=\"elementor-element elementor-element-33ecab1 elementor-widget elementor-widget-image\" data-id=\"33ecab1\" data-element_type=\"widget\" data-widget_type=\"image.default\">\n\t\t\t\t<div class=\"elementor-widget-container\">\n\t\t\t\t\t\t\t\t\t\t\t\t\t<img decoding=\"async\" width=\"227\" height=\"158\" src=\"https:\/\/4fantastik.re\/wp-content\/uploads\/2023\/04\/Capture-decran-2023-04-20-092724.jpg\" class=\"attachment-large size-large wp-image-18\" alt=\"\" \/>\t\t\t\t\t\t\t\t\t\t\t\t\t<\/div>\n\t\t\t\t<\/div>\n\t\t\t\t<\/div>\n\t\t\t\t\t<\/div>\n\t\t\t\t<\/div>\n\t\t<div class=\"elementor-element elementor-element-61b9056 e-flex e-con-boxed e-con e-parent\" data-id=\"61b9056\" data-element_type=\"container\">\n\t\t\t\t\t<div class=\"e-con-inner\">\n\t\t<div class=\"elementor-element elementor-element-1ecc047 e-con-full e-flex e-con e-child\" data-id=\"1ecc047\" data-element_type=\"container\">\n\t\t\t\t<div class=\"elementor-element elementor-element-b552c7a elementor-widget elementor-widget-image\" data-id=\"b552c7a\" data-element_type=\"widget\" data-widget_type=\"image.default\">\n\t\t\t\t<div class=\"elementor-widget-container\">\n\t\t\t\t\t\t\t\t\t\t\t\t\t<img loading=\"lazy\" decoding=\"async\" width=\"800\" height=\"483\" src=\"https:\/\/4fantastik.re\/wp-content\/uploads\/2023\/04\/IMAGE-CREATIVITE.png\" class=\"attachment-large size-large wp-image-41\" alt=\"\" srcset=\"https:\/\/4fantastik.re\/wp-content\/uploads\/2023\/04\/IMAGE-CREATIVITE.png 841w, https:\/\/4fantastik.re\/wp-content\/uploads\/2023\/04\/IMAGE-CREATIVITE-300x181.png 300w, https:\/\/4fantastik.re\/wp-content\/uploads\/2023\/04\/IMAGE-CREATIVITE-768x464.png 768w\" sizes=\"(max-width: 800px) 100vw, 800px\" \/>\t\t\t\t\t\t\t\t\t\t\t\t\t<\/div>\n\t\t\t\t<\/div>\n\t\t\t\t<\/div>\n\t\t<div class=\"elementor-element elementor-element-f114191 e-con-full e-flex e-con e-child\" data-id=\"f114191\" data-element_type=\"container\">\n\t\t\t\t<div class=\"elementor-element elementor-element-351b07b elementor-widget elementor-widget-heading\" data-id=\"351b07b\" data-element_type=\"widget\" data-widget_type=\"heading.default\">\n\t\t\t\t<div class=\"elementor-widget-container\">\n\t\t\t<h2 class=\"elementor-heading-title elementor-size-large\">CR\u00c9ATIVIT\u00c9<br><br>\nComptez sur nous pour r\u00e9aliser un \u00e9v\u00e8nement original et in\u00e9dit<\/h2>\t\t<\/div>\n\t\t\t\t<\/div>\n\t\t\t\t<\/div>\n\t\t\t\t\t<\/div>\n\t\t\t\t<\/div>\n\t\t<div class=\"elementor-element elementor-element-ff24c7a e-flex e-con-boxed e-con e-parent\" data-id=\"ff24c7a\" data-element_type=\"container\" data-settings=\"{&quot;background_background&quot;:&quot;classic&quot;}\">\n\t\t\t\t\t<div class=\"e-con-inner\">\n\t\t<div class=\"elementor-element elementor-element-b8d8f5a e-con-full e-flex e-con e-child\" data-id=\"b8d8f5a\" data-element_type=\"container\">\n\t\t\t\t<div class=\"elementor-element elementor-element-deab06e elementor-widget elementor-widget-heading\" data-id=\"deab06e\" data-element_type=\"widget\" data-widget_type=\"heading.default\">\n\t\t\t\t<div class=\"elementor-widget-container\">\n\t\t\t<h2 class=\"elementor-heading-title elementor-size-large\">RIGUEUR<br>\n\n<br>D\u00e9l\u00e9guez votre organisation sans stress <\/h2>\t\t<\/div>\n\t\t\t\t<\/div>\n\t\t\t\t<div class=\"elementor-element elementor-element-9526e50 elementor-widget elementor-widget-text-editor\" data-id=\"9526e50\" data-element_type=\"widget\" data-widget_type=\"text-editor.default\">\n\t\t\t\t<div class=\"elementor-widget-container\">\n\t\t\t\t\t\t\t<p>Lorem ipsum dolor sit amet, consectetur adipiscing elit. Ut elit tellus, luctus nec ullamcorper mattis, pulvinar dapibus leo.<\/p>\t\t\t\t\t\t<\/div>\n\t\t\t\t<\/div>\n\t\t\t\t<\/div>\n\t\t<div class=\"elementor-element elementor-element-83f6a18 e-con-full e-flex e-con e-child\" data-id=\"83f6a18\" data-element_type=\"container\">\n\t\t\t\t<div class=\"elementor-element elementor-element-695882b elementor-widget elementor-widget-image\" data-id=\"695882b\" data-element_type=\"widget\" data-widget_type=\"image.default\">\n\t\t\t\t<div class=\"elementor-widget-container\">\n\t\t\t\t\t\t\t\t\t\t\t\t\t<img loading=\"lazy\" decoding=\"async\" width=\"800\" height=\"484\" src=\"https:\/\/4fantastik.re\/wp-content\/uploads\/2023\/04\/IMAGE-RIGUEUR.png\" class=\"attachment-large size-large wp-image-46\" alt=\"\" srcset=\"https:\/\/4fantastik.re\/wp-content\/uploads\/2023\/04\/IMAGE-RIGUEUR.png 840w, https:\/\/4fantastik.re\/wp-content\/uploads\/2023\/04\/IMAGE-RIGUEUR-300x181.png 300w, https:\/\/4fantastik.re\/wp-content\/uploads\/2023\/04\/IMAGE-RIGUEUR-768x464.png 768w\" sizes=\"(max-width: 800px) 100vw, 800px\" \/>\t\t\t\t\t\t\t\t\t\t\t\t\t<\/div>\n\t\t\t\t<\/div>\n\t\t\t\t<\/div>\n\t\t\t\t\t<\/div>\n\t\t\t\t<\/div>\n\t\t<div class=\"elementor-element elementor-element-7fb7152 e-flex e-con-boxed e-con e-parent\" data-id=\"7fb7152\" data-element_type=\"container\">\n\t\t\t\t\t<div class=\"e-con-inner\">\n\t\t<div class=\"elementor-element elementor-element-903c4dc e-con-full e-flex e-con e-child\" data-id=\"903c4dc\" data-element_type=\"container\">\n\t\t\t\t<div class=\"elementor-element elementor-element-e9e0b93 e-transform e-transform elementor-widget elementor-widget-image\" data-id=\"e9e0b93\" data-element_type=\"widget\" data-settings=\"{&quot;_transform_translateX_effect&quot;:{&quot;unit&quot;:&quot;px&quot;,&quot;size&quot;:-78,&quot;sizes&quot;:[]},&quot;_transform_scale_effect&quot;:{&quot;unit&quot;:&quot;px&quot;,&quot;size&quot;:0.8,&quot;sizes&quot;:[]},&quot;_transform_translateX_effect_tablet&quot;:{&quot;unit&quot;:&quot;px&quot;,&quot;size&quot;:&quot;&quot;,&quot;sizes&quot;:[]},&quot;_transform_translateX_effect_mobile&quot;:{&quot;unit&quot;:&quot;px&quot;,&quot;size&quot;:&quot;&quot;,&quot;sizes&quot;:[]},&quot;_transform_translateY_effect&quot;:{&quot;unit&quot;:&quot;px&quot;,&quot;size&quot;:&quot;&quot;,&quot;sizes&quot;:[]},&quot;_transform_translateY_effect_tablet&quot;:{&quot;unit&quot;:&quot;px&quot;,&quot;size&quot;:&quot;&quot;,&quot;sizes&quot;:[]},&quot;_transform_translateY_effect_mobile&quot;:{&quot;unit&quot;:&quot;px&quot;,&quot;size&quot;:&quot;&quot;,&quot;sizes&quot;:[]},&quot;_transform_scale_effect_tablet&quot;:{&quot;unit&quot;:&quot;px&quot;,&quot;size&quot;:&quot;&quot;,&quot;sizes&quot;:[]},&quot;_transform_scale_effect_mobile&quot;:{&quot;unit&quot;:&quot;px&quot;,&quot;size&quot;:&quot;&quot;,&quot;sizes&quot;:[]}}\" data-widget_type=\"image.default\">\n\t\t\t\t<div class=\"elementor-widget-container\">\n\t\t\t\t\t\t\t\t\t\t\t\t\t<img loading=\"lazy\" decoding=\"async\" width=\"800\" height=\"484\" src=\"https:\/\/4fantastik.re\/wp-content\/uploads\/2023\/04\/IMAGE-RENTABILITE.png\" class=\"attachment-large size-large wp-image-45\" alt=\"\" srcset=\"https:\/\/4fantastik.re\/wp-content\/uploads\/2023\/04\/IMAGE-RENTABILITE.png 840w, https:\/\/4fantastik.re\/wp-content\/uploads\/2023\/04\/IMAGE-RENTABILITE-300x181.png 300w, https:\/\/4fantastik.re\/wp-content\/uploads\/2023\/04\/IMAGE-RENTABILITE-768x464.png 768w\" sizes=\"(max-width: 800px) 100vw, 800px\" \/>\t\t\t\t\t\t\t\t\t\t\t\t\t<\/div>\n\t\t\t\t<\/div>\n\t\t\t\t<\/div>\n\t\t<div class=\"elementor-element elementor-element-9812bce e-con-full e-transform e-flex e-con e-child\" data-id=\"9812bce\" data-element_type=\"container\" data-settings=\"{&quot;_transform_scale_effect&quot;:{&quot;unit&quot;:&quot;px&quot;,&quot;size&quot;:0.8,&quot;sizes&quot;:[]},&quot;_transform_scale_effect_tablet&quot;:{&quot;unit&quot;:&quot;px&quot;,&quot;size&quot;:&quot;&quot;,&quot;sizes&quot;:[]},&quot;_transform_scale_effect_mobile&quot;:{&quot;unit&quot;:&quot;px&quot;,&quot;size&quot;:&quot;&quot;,&quot;sizes&quot;:[]}}\">\n\t\t\t\t<div class=\"elementor-element elementor-element-14bc267 elementor-widget elementor-widget-heading\" data-id=\"14bc267\" data-element_type=\"widget\" data-widget_type=\"heading.default\">\n\t\t\t\t<div class=\"elementor-widget-container\">\n\t\t\t<h2 class=\"elementor-heading-title elementor-size-large\">RENTABILIT\u00c9\n<\/h2>\t\t<\/div>\n\t\t\t\t<\/div>\n\t\t\t\t<div class=\"elementor-element elementor-element-187e005 elementor-widget elementor-widget-text-editor\" data-id=\"187e005\" data-element_type=\"widget\" data-widget_type=\"text-editor.default\">\n\t\t\t\t<div class=\"elementor-widget-container\">\n\t\t\t\t\t\t\t<p><b>Profitez des nombreuses retomb\u00e9es <\/b><b>en terme de<br \/>visibilit\u00e9, r\u00e9seau entreprise, b\u00e9n\u00e9fices<\/b><\/p>\t\t\t\t\t\t<\/div>\n\t\t\t\t<\/div>\n\t\t\t\t<\/div>\n\t\t\t\t\t<\/div>\n\t\t\t\t<\/div>\n\t\t<div class=\"elementor-element elementor-element-94b3d71 e-transform e-flex e-con-boxed e-con e-parent\" data-id=\"94b3d71\" data-element_type=\"container\" data-settings=\"{&quot;background_background&quot;:&quot;gradient&quot;,&quot;_transform_scale_effect&quot;:{&quot;unit&quot;:&quot;px&quot;,&quot;size&quot;:1.3,&quot;sizes&quot;:[]},&quot;_transform_scale_effect_tablet&quot;:{&quot;unit&quot;:&quot;px&quot;,&quot;size&quot;:&quot;&quot;,&quot;sizes&quot;:[]},&quot;_transform_scale_effect_mobile&quot;:{&quot;unit&quot;:&quot;px&quot;,&quot;size&quot;:&quot;&quot;,&quot;sizes&quot;:[]}}\">\n\t\t\t\t\t<div class=\"e-con-inner\">\n\t\t\t\t<div class=\"elementor-element elementor-element-c8c87eb elementor-widget elementor-widget-text-editor\" data-id=\"c8c87eb\" data-element_type=\"widget\" data-widget_type=\"text-editor.default\">\n\t\t\t\t<div class=\"elementor-widget-container\">\n\t\t\t\t\t\t\t<p><strong>Profitez de notre savoir-faire !<\/strong><\/p><p><strong>Notre exp\u00e9rience dans le domaine de l\u2019\u00e9v\u00e8nementiel nous permettra de vous proposer un \u00e9v\u00e9nement sur mesure et r\u00e9pondant \u00e0 toutes vos attentes<\/strong><\/p>\t\t\t\t\t\t<\/div>\n\t\t\t\t<\/div>\n\t\t\t\t<div class=\"elementor-element elementor-element-66a2552 elementor-widget elementor-widget-menu-anchor\" data-id=\"66a2552\" data-element_type=\"widget\" data-widget_type=\"menu-anchor.default\">\n\t\t\t\t<div class=\"elementor-widget-container\">\n\t\t\t\t\t<div class=\"elementor-menu-anchor\" id=\"nosservices\"><\/div>\n\t\t\t\t<\/div>\n\t\t\t\t<\/div>\n\t\t\t\t\t<\/div>\n\t\t\t\t<\/div>\n\t\t<div class=\"elementor-element elementor-element-f1eb3c7 e-flex e-con-boxed e-con e-parent\" data-id=\"f1eb3c7\" data-element_type=\"container\" data-settings=\"{&quot;background_background&quot;:&quot;classic&quot;}\">\n\t\t\t\t\t<div class=\"e-con-inner\">\n\t\t<div class=\"elementor-element elementor-element-d85878e e-con-full e-flex e-con e-child\" data-id=\"d85878e\" data-element_type=\"container\">\n\t\t\t\t<div class=\"elementor-element elementor-element-7c4f43e elementor-widget elementor-widget-heading\" data-id=\"7c4f43e\" data-element_type=\"widget\" data-widget_type=\"heading.default\">\n\t\t\t\t<div class=\"elementor-widget-container\">\n\t\t\t<h2 class=\"elementor-heading-title elementor-size-default\">ADAPTABILIT\u00c9<\/h2>\t\t<\/div>\n\t\t\t\t<\/div>\n\t\t\t\t<div class=\"elementor-element elementor-element-006036b elementor-widget elementor-widget-text-editor\" data-id=\"006036b\" data-element_type=\"widget\" data-widget_type=\"text-editor.default\">\n\t\t\t\t<div class=\"elementor-widget-container\">\n\t\t\t\t\t\t\t<p>Notre \u00e9quipe pluridisciplinaire, s\u2019adaptera \u00e0 votre domaine d\u2019activit\u00e9, et r\u00e9pondra tous vos besoins.<\/p>\t\t\t\t\t\t<\/div>\n\t\t\t\t<\/div>\n\t\t\t\t<div class=\"elementor-element elementor-element-922eb28 elementor-widget elementor-widget-heading\" data-id=\"922eb28\" data-element_type=\"widget\" data-widget_type=\"heading.default\">\n\t\t\t\t<div class=\"elementor-widget-container\">\n\t\t\t<h2 class=\"elementor-heading-title elementor-size-default\">RESEAU ENTREPRISES<\/h2>\t\t<\/div>\n\t\t\t\t<\/div>\n\t\t\t\t<div class=\"elementor-element elementor-element-b5541c1 elementor-widget elementor-widget-text-editor\" data-id=\"b5541c1\" data-element_type=\"widget\" data-widget_type=\"text-editor.default\">\n\t\t\t\t<div class=\"elementor-widget-container\">\n\t\t\t\t\t\t\t<p>Notre r\u00e9seau d\u2019entreprise vous permettra d\u2019avoir des prestations de qualit\u00e9s adapt\u00e9s \u00e0 tous les budgets<\/p>\t\t\t\t\t\t<\/div>\n\t\t\t\t<\/div>\n\t\t\t\t<div class=\"elementor-element elementor-element-cf9917d elementor-widget elementor-widget-heading\" data-id=\"cf9917d\" data-element_type=\"widget\" data-widget_type=\"heading.default\">\n\t\t\t\t<div class=\"elementor-widget-container\">\n\t\t\t<h2 class=\"elementor-heading-title elementor-size-default\">SAVOIR FAIRE<\/h2>\t\t<\/div>\n\t\t\t\t<\/div>\n\t\t\t\t<div class=\"elementor-element elementor-element-b16c6af elementor-widget elementor-widget-text-editor\" data-id=\"b16c6af\" data-element_type=\"widget\" data-widget_type=\"text-editor.default\">\n\t\t\t\t<div class=\"elementor-widget-container\">\n\t\t\t\t\t\t\t<p>Vous avez des doutes sur l\u2019organisation logistique, sur la s\u00e9curit\u00e9, sur votre strat\u00e9gie de communication et de vente, les 4F sont l\u00e0 pour r\u00e9pondre \u00e0 vos besoins et vous rassurer !<\/p>\t\t\t\t\t\t<\/div>\n\t\t\t\t<\/div>\n\t\t\t\t<\/div>\n\t\t<div class=\"elementor-element elementor-element-0416ce5 e-con-full e-flex e-con e-child\" data-id=\"0416ce5\" data-element_type=\"container\">\n\t\t\t\t<div class=\"elementor-element elementor-element-f8a7d62 elementor-widget elementor-widget-image\" data-id=\"f8a7d62\" data-element_type=\"widget\" data-widget_type=\"image.default\">\n\t\t\t\t<div class=\"elementor-widget-container\">\n\t\t\t\t\t\t\t\t\t\t\t\t\t<img loading=\"lazy\" decoding=\"async\" width=\"551\" height=\"551\" src=\"https:\/\/4fantastik.re\/wp-content\/uploads\/2023\/04\/Group-4.png\" class=\"attachment-large size-large wp-image-102\" alt=\"\" srcset=\"https:\/\/4fantastik.re\/wp-content\/uploads\/2023\/04\/Group-4.png 551w, https:\/\/4fantastik.re\/wp-content\/uploads\/2023\/04\/Group-4-300x300.png 300w, https:\/\/4fantastik.re\/wp-content\/uploads\/2023\/04\/Group-4-150x150.png 150w\" sizes=\"(max-width: 551px) 100vw, 551px\" \/>\t\t\t\t\t\t\t\t\t\t\t\t\t<\/div>\n\t\t\t\t<\/div>\n\t\t\t\t<\/div>\n\t\t<div class=\"elementor-element elementor-element-a637b2f e-con-full e-flex e-con e-child\" data-id=\"a637b2f\" data-element_type=\"container\">\n\t\t\t\t<\/div>\n\t\t\t\t\t<\/div>\n\t\t\t\t<\/div>\n\t\t\t\t<\/div>\n\t\t","protected":false},"excerpt":{"rendered":"<p>CONFIEZ-NOUS VOTRE \u00c9V\u00c8NEMENT POUR UNE VRAIE R\u00c9USSITE Une seule missionVOUS SATISFAIRE NOUS CONNAITRE CR\u00c9ATIVIT\u00c9 Comptez sur nous pour r\u00e9aliser un \u00e9v\u00e8nement original et in\u00e9dit RIGUEUR D\u00e9l\u00e9guez votre organisation sans stress Lorem ipsum dolor sit amet, consectetur adipiscing elit. Ut elit tellus, luctus nec ullamcorper mattis, pulvinar dapibus leo. RENTABILIT\u00c9 Profitez des nombreuses retomb\u00e9es en terme [&hellip;]<\/p>\n","protected":false},"author":5,"featured_media":0,"parent":0,"menu_order":0,"comment_status":"closed","ping_status":"closed","template":"elementor_theme","meta":{"footnotes":""},"_links":{"self":[{"href":"https:\/\/4fantastik.re\/index.php?rest_route=\/wp\/v2\/pages\/15"}],"collection":[{"href":"https:\/\/4fantastik.re\/index.php?rest_route=\/wp\/v2\/pages"}],"about":[{"href":"https:\/\/4fantastik.re\/index.php?rest_route=\/wp\/v2\/types\/page"}],"author":[{"embeddable":true,"href":"https:\/\/4fantastik.re\/index.php?rest_route=\/wp\/v2\/users\/5"}],"replies":[{"embeddable":true,"href":"https:\/\/4fantastik.re\/index.php?rest_route=%2Fwp%2Fv2%2Fcomments&post=15"}],"version-history":[{"count":25,"href":"https:\/\/4fantastik.re\/index.php?rest_route=\/wp\/v2\/pages\/15\/revisions"}],"predecessor-version":[{"id":126,"href":"https:\/\/4fantastik.re\/index.php?rest_route=\/wp\/v2\/pages\/15\/revisions\/126"}],"wp:attachment":[{"href":"https:\/\/4fantastik.re\/index.php?rest_route=%2Fwp%2Fv2%2Fmedia&parent=15"}],"curies":[{"name":"wp","href":"https:\/\/api.w.org\/{rel}","templated":true}]}}